{"id":1155,"date":"2025-10-23T11:40:47","date_gmt":"2025-10-23T09:40:47","guid":{"rendered":"https:\/\/pfrl.pl\/?page_id=1155"},"modified":"2026-03-24T12:47:35","modified_gmt":"2026-03-24T11:47:35","slug":"statut-fundacji","status":"publish","type":"page","link":"https:\/\/pfrl.pl\/?page_id=1155","title":{"rendered":"Statut fundacji"},"content":{"rendered":"\t\t<div data-elementor-type=\"wp-page\" data-elementor-id=\"1155\" class=\"elementor elementor-1155\">\n\t\t\t\t<div class=\"elementor-element elementor-element-7e43b2c4 e-con-full e-flex e-con e-parent\" data-id=\"7e43b2c4\" data-element_type=\"container\">\n\t\t\t\t<div class=\"elementor-element elementor-element-160a73d elementor-widget elementor-widget-text-editor\" data-id=\"160a73d\" data-element_type=\"widget\" data-widget_type=\"text-editor.default\">\n\t\t\t\t\t\t\t\t\t<p>Aktualny Statut Polskiej Fundacji Rozwoju Lotnictwa dost\u0119pny jest po klikni\u0119ciu w poni\u017cszy link:<\/p>\t\t\t\t\t\t\t\t<\/div>\n\t\t\t\t<div class=\"elementor-element elementor-element-7eb3a7e elementor-align-center elementor-widget elementor-widget-button\" data-id=\"7eb3a7e\" data-element_type=\"widget\" data-widget_type=\"button.default\">\n\t\t\t\t\t\t\t\t\t\t<a class=\"elementor-button elementor-button-link elementor-size-sm\" href=\"https:\/\/drive.google.com\/file\/d\/1TR_W8Mwb9BoMdeYgiz1YI1ypPXUwFs3Y\/view?usp=drive_link\">\n\t\t\t\t\t\t<span class=\"elementor-button-content-wrapper\">\n\t\t\t\t\t\t\t\t\t<span class=\"elementor-button-text\">Statut Polskiej Fundacji Rozwoju Lotnictwa<\/span>\n\t\t\t\t\t<\/span>\n\t\t\t\t\t<\/a>\n\t\t\t\t\t\t\t\t<\/div>\n\t\t\t\t<\/div>\n\t\t\t\t<\/div>\n\t\t","protected":false},"excerpt":{"rendered":"<p>Aktualny Statut Polskiej Fundacji Rozwoju Lotnictwa dost\u0119pny jest po klikni\u0119ciu w poni\u017cszy link: Statut Polskiej Fundacji Rozwoju Lotnictwa<\/p>\n","protected":false},"author":1,"featured_media":0,"parent":0,"menu_order":0,"comment_status":"closed","ping_status":"closed","template":"","meta":{"footnotes":""},"class_list":["post-1155","page","type-page","status-publish","hentry"],"_links":{"self":[{"href":"https:\/\/pfrl.pl\/index.php?rest_route=\/wp\/v2\/pages\/1155","targetHints":{"allow":["GET"]}}],"collection":[{"href":"https:\/\/pfrl.pl\/index.php?rest_route=\/wp\/v2\/pages"}],"about":[{"href":"https:\/\/pfrl.pl\/index.php?rest_route=\/wp\/v2\/types\/page"}],"author":[{"embeddable":true,"href":"https:\/\/pfrl.pl\/index.php?rest_route=\/wp\/v2\/users\/1"}],"replies":[{"embeddable":true,"href":"https:\/\/pfrl.pl\/index.php?rest_route=%2Fwp%2Fv2%2Fcomments&post=1155"}],"version-history":[{"count":5,"href":"https:\/\/pfrl.pl\/index.php?rest_route=\/wp\/v2\/pages\/1155\/revisions"}],"predecessor-version":[{"id":1377,"href":"https:\/\/pfrl.pl\/index.php?rest_route=\/wp\/v2\/pages\/1155\/revisions\/1377"}],"wp:attachment":[{"href":"https:\/\/pfrl.pl\/index.php?rest_route=%2Fwp%2Fv2%2Fmedia&parent=1155"}],"curies":[{"name":"wp","href":"https:\/\/api.w.org\/{rel}","templated":true}]}}