{"id":1162,"date":"2025-10-23T12:01:56","date_gmt":"2025-10-23T10:01:56","guid":{"rendered":"https:\/\/pfrl.pl\/?page_id=1162"},"modified":"2026-03-09T00:06:26","modified_gmt":"2026-03-08T23:06:26","slug":"kim-jestesmy","status":"publish","type":"page","link":"https:\/\/pfrl.pl\/?page_id=1162","title":{"rendered":"Kim jeste\u015bmy?"},"content":{"rendered":"\n<p>Fundacja zosta\u0142a za\u0142o\u017cona przez osoby z wieloletnim do\u015bwiadczeniem w lotnictwie cywilnym \u2013 praktyk\u00f3w, instruktor\u00f3w, audytor\u00f3w i ekspert\u00f3w bran\u017cowych.&nbsp;<\/p>\n\n\n\n<p><\/p>\n\n\n\n<figure class=\"wp-block-image size-large is-resized\"><img fetchpriority=\"high\" decoding=\"async\" width=\"807\" height=\"1024\" src=\"http:\/\/pfrl.pl\/wp-content\/uploads\/2025\/10\/IMG_6551-807x1024.jpeg\" alt=\"\" class=\"wp-image-1150\" style=\"aspect-ratio:0.7880827038986801;width:371px;height:auto\" srcset=\"https:\/\/pfrl.pl\/wp-content\/uploads\/2025\/10\/IMG_6551-807x1024.jpeg 807w, https:\/\/pfrl.pl\/wp-content\/uploads\/2025\/10\/IMG_6551-236x300.jpeg 236w, https:\/\/pfrl.pl\/wp-content\/uploads\/2025\/10\/IMG_6551-768x975.jpeg 768w, https:\/\/pfrl.pl\/wp-content\/uploads\/2025\/10\/IMG_6551-1210x1536.jpeg 1210w, https:\/\/pfrl.pl\/wp-content\/uploads\/2025\/10\/IMG_6551-1613x2048.jpeg 1613w, https:\/\/pfrl.pl\/wp-content\/uploads\/2025\/10\/IMG_6551-600x762.jpeg 600w, https:\/\/pfrl.pl\/wp-content\/uploads\/2025\/10\/IMG_6551.jpeg 2012w\" sizes=\"(max-width: 807px) 100vw, 807px\" \/><\/figure>\n\n\n\n<p><strong>GRZEGORZ SKOWRON<\/strong><\/p>\n\n\n\n<p><strong>Prezes Zarz\u0105du<\/strong><\/p>\n\n\n\n<p><strong>Grzegorz Skowron to specjalista lotniczy, instruktor, pilot zawodowy oraz mened\u017cer lotniczy z ponad 16-letnim do\u015bwiadczeniem w sektorze lotniczym.<\/strong> Posiada unikalne i wszechstronne kompetencje obejmuj\u0105ce szkolenie lotnicze, operacje lotnicze, technik\u0119 lotnicz\u0105 oraz zarz\u0105dzanie certyfikowanymi organizacjami dzia\u0142aj\u0105cymi w bran\u017cy lotniczej. Jest czynnym pilotem samolotu Boeing 737, a jednocze\u015bnie aktywnym instruktorem, od lat zaanga\u017cowanym w kszta\u0142cenie kolejnych pokole\u0144 pilot\u00f3w \u2014 od poziomu podstawowego po zawodowy, w tym r\u00f3wnie\u017c instruktor\u00f3w.<\/p>\n\n\n\n<p>Na przestrzeni swojej kariery wyszkoli\u0142 dziesi\u0105tki pilot\u00f3w szybowcowych i samolotowych oraz instruktor\u00f3w, kt\u00f3rzy dzi\u015b sami przekazuj\u0105 dalej zdobyt\u0105 wiedz\u0119 i do\u015bwiadczenie kolejnym pokoleniom lotnik\u00f3w. Wielu z wyszkolonych przez niego pilot\u00f3w kontynuuje dzi\u015b rozw\u00f3j zawodowy w lotnictwie komercyjnym. Pe\u0142ni\u0142 funkcje kierownicze w organizacjach szkolenia lotniczego, organizacjach zarz\u0105dzania ci\u0105g\u0142\u0105 zdatno\u015bci\u0105 do lotu oraz u certyfikowanego przewo\u017anika lotniczego. Bra\u0142 r\u00f3wnie\u017c czynny udzia\u0142 w tworzeniu i organizowaniu certyfikowanych podmiot\u00f3w lotniczych, wsp\u00f3\u0142tworz\u0105c dokumentacj\u0119, procedury i procesy operacyjne. Dzi\u0119ki temu \u0142\u0105czy najwy\u017cszy poziom wiedzy praktycznej z do\u015bwiadczeniem organizacyjnym i mened\u017cerskim.<\/p>\n\n\n\n<p>Jako osoba wywodz\u0105ca si\u0119 z Mielca \u2014 miasta o wyj\u0105tkowym znaczeniu dla polskiego lotnictwa \u2014 Grzegorz Skowron konsekwentnie anga\u017cuje si\u0119 w rozw\u00f3j i promocj\u0119 edukacji lotniczej w\u015br\u00f3d dzieci i m\u0142odzie\u017cy. Doskonale rozumie, \u017ce lotnictwo mo\u017ce by\u0107 nie tylko \u015bcie\u017ck\u0105 kariery, ale r\u00f3wnie\u017c znakomitym narz\u0119dziem wychowawczym i edukacyjnym, rozwijaj\u0105cym odpowiedzialno\u015b\u0107, dyscyplin\u0119, kreatywno\u015b\u0107, zdolno\u015bci techniczne i umiej\u0119tno\u015b\u0107 pracy zespo\u0142owej.<br>Wierzy, \u017ce lotnictwo to nie tylko sztuka wznoszenia si\u0119 w powietrze, ale te\u017c spos\u00f3b na przekraczanie w\u0142asnych granic. Za\u0142o\u017cyciel Polskiej Fundacji Rozwoju Lotnictwa.<\/p>\n\n\n\n<p><strong>MARTYNA KO\u015aCIELNA<\/strong><\/p>\n\n\n\n<p><strong>Wiceprezes Zarz\u0105du<\/strong><\/p>\n\n\n\n<p>Ekspert w obszarze zarz\u0105dzania bezpiecze\u0144stwem i zgodno\u015bci\u0105 w lotnictwie cywilnym. Posiada wieloletnie do\u015bwiadczenie operacyjne w organizacjach lotniczych, obejmuj\u0105ce planowanie i nadz\u00f3r nad operacjami lotniczymi, systemami bezpiecze\u0144stwa oraz monitorowaniem zgodno\u015bci z wymaganiami regulacyjnymi.<\/p>\n\n\n\n<p>Pe\u0142ni funkcj\u0119 Compliance Monitoring Manager oraz Safety Manager w organizacjach lotniczych&nbsp;odpowiadaj\u0105c za zarz\u0105dzanie systemem monitorowania zgodno\u015bci oraz Systemem Zarz\u0105dzania Bezpiecze\u0144stwem (SMS). W swojej pracy zajmuje si\u0119 m.in. audytami wewn\u0119trznymi, analiz\u0105 ryzyka operacyjnego, nadzorem nad wdra\u017caniem dzia\u0142a\u0144 koryguj\u0105cych oraz przygotowaniem organizacji do audyt\u00f3w organ\u00f3w nadzoru lotniczego.&nbsp;<\/p>\n\n\n\n<p>Posiada licencj\u0119 dyspozytora lotniczego oraz liczne kwalifikacje i szkolenia specjalistyczne z zakresu regulacji EASA, system\u00f3w zarz\u0105dzania bezpiecze\u0144stwem, przewozu materia\u0142\u00f3w niebezpiecznych oraz standard\u00f3w jako\u015bci w lotnictwie. &nbsp;<\/p>\n\n\n\n<p>Wsp\u00f3\u0142autorka program\u00f3w szkole\u0144 dla bran\u017cy lotniczej. Za\u0142o\u017cycielka Polskiej Fundacji Rozwoju Lotnictwa.<\/p>\n\n\n\n<p><\/p>\n","protected":false},"excerpt":{"rendered":"<p>Fundacja zosta\u0142a za\u0142o\u017cona przez osoby z wieloletnim do\u015bwiadczeniem w lotnictwie cywilnym \u2013 praktyk\u00f3w, instruktor\u00f3w, audytor\u00f3w i ekspert\u00f3w bran\u017cowych.&nbsp; GRZEGORZ SKOWRON Prezes Zarz\u0105du Grzegorz Skowron to specjalista lotniczy, instruktor, pilot zawodowy oraz mened\u017cer lotniczy z ponad 16-letnim do\u015bwiadczeniem w sektorze lotniczym. Posiada unikalne i wszechstronne kompetencje&hellip;<\/p>\n","protected":false},"author":1,"featured_media":0,"parent":0,"menu_order":0,"comment_status":"closed","ping_status":"closed","template":"","meta":{"footnotes":""},"class_list":["post-1162","page","type-page","status-publish","hentry"],"_links":{"self":[{"href":"https:\/\/pfrl.pl\/index.php?rest_route=\/wp\/v2\/pages\/1162","targetHints":{"allow":["GET"]}}],"collection":[{"href":"https:\/\/pfrl.pl\/index.php?rest_route=\/wp\/v2\/pages"}],"about":[{"href":"https:\/\/pfrl.pl\/index.php?rest_route=\/wp\/v2\/types\/page"}],"author":[{"embeddable":true,"href":"https:\/\/pfrl.pl\/index.php?rest_route=\/wp\/v2\/users\/1"}],"replies":[{"embeddable":true,"href":"https:\/\/pfrl.pl\/index.php?rest_route=%2Fwp%2Fv2%2Fcomments&post=1162"}],"version-history":[{"count":5,"href":"https:\/\/pfrl.pl\/index.php?rest_route=\/wp\/v2\/pages\/1162\/revisions"}],"predecessor-version":[{"id":1303,"href":"https:\/\/pfrl.pl\/index.php?rest_route=\/wp\/v2\/pages\/1162\/revisions\/1303"}],"wp:attachment":[{"href":"https:\/\/pfrl.pl\/index.php?rest_route=%2Fwp%2Fv2%2Fmedia&parent=1162"}],"curies":[{"name":"wp","href":"https:\/\/api.w.org\/{rel}","templated":true}]}}