{"id":1275,"date":"2026-03-08T23:09:20","date_gmt":"2026-03-08T22:09:20","guid":{"rendered":"https:\/\/pfrl.pl\/?page_id=1275"},"modified":"2026-03-24T22:39:11","modified_gmt":"2026-03-24T21:39:11","slug":"akademia-mlodego-lotnika","status":"publish","type":"page","link":"https:\/\/pfrl.pl\/?page_id=1275","title":{"rendered":"AKADEMIA M\u0141ODEGO LOTNIKA"},"content":{"rendered":"\t\t<div data-elementor-type=\"wp-page\" data-elementor-id=\"1275\" class=\"elementor elementor-1275\">\n\t\t\t\t<div class=\"elementor-element elementor-element-683ad7f6 e-flex e-con-boxed e-con e-parent\" data-id=\"683ad7f6\" data-element_type=\"container\">\n\t\t\t\t\t<div class=\"e-con-inner\">\n\t\t\t\t<div class=\"elementor-element elementor-element-5263a69f elementor-widget elementor-widget-text-editor\" data-id=\"5263a69f\" data-element_type=\"widget\" data-widget_type=\"text-editor.default\">\n\t\t\t\t\t\t\t\t\t<div class=\"wp-block-image\">\n<figure class=\"aligncenter size-large is-resized\"><img fetchpriority=\"high\" decoding=\"async\" width=\"724\" height=\"1024\" class=\"wp-image-1294\" style=\"aspect-ratio: 0.7070267795834287; width: 462px; height: auto;\" src=\"http:\/\/pfrl.pl\/wp-content\/uploads\/2026\/03\/Z2-724x1024.png\" alt=\"\" srcset=\"https:\/\/pfrl.pl\/wp-content\/uploads\/2026\/03\/Z2-724x1024.png 724w, https:\/\/pfrl.pl\/wp-content\/uploads\/2026\/03\/Z2-212x300.png 212w, https:\/\/pfrl.pl\/wp-content\/uploads\/2026\/03\/Z2-768x1086.png 768w, https:\/\/pfrl.pl\/wp-content\/uploads\/2026\/03\/Z2-1086x1536.png 1086w, https:\/\/pfrl.pl\/wp-content\/uploads\/2026\/03\/Z2-1448x2048.png 1448w, https:\/\/pfrl.pl\/wp-content\/uploads\/2026\/03\/Z2-600x849.png 600w, https:\/\/pfrl.pl\/wp-content\/uploads\/2026\/03\/Z2.png 1587w\" sizes=\"(max-width: 724px) 100vw, 724px\" \/><\/figure>\n<\/div><div class=\"wp-block-image\">\n<figure class=\"aligncenter size-large is-resized\"><img decoding=\"async\" width=\"683\" height=\"1024\" class=\"wp-image-1266\" style=\"aspect-ratio: 0.6669871061264973; width: 462px; height: auto;\" src=\"http:\/\/pfrl.pl\/wp-content\/uploads\/2026\/03\/tempImagehtvjGB-683x1024.jpg\" alt=\"\" srcset=\"https:\/\/pfrl.pl\/wp-content\/uploads\/2026\/03\/tempImagehtvjGB-683x1024.jpg 683w, https:\/\/pfrl.pl\/wp-content\/uploads\/2026\/03\/tempImagehtvjGB-200x300.jpg 200w, https:\/\/pfrl.pl\/wp-content\/uploads\/2026\/03\/tempImagehtvjGB-768x1152.jpg 768w, https:\/\/pfrl.pl\/wp-content\/uploads\/2026\/03\/tempImagehtvjGB-300x450.jpg 300w, https:\/\/pfrl.pl\/wp-content\/uploads\/2026\/03\/tempImagehtvjGB-600x900.jpg 600w, https:\/\/pfrl.pl\/wp-content\/uploads\/2026\/03\/tempImagehtvjGB.jpg 1024w\" sizes=\"(max-width: 683px) 100vw, 683px\" \/><\/figure>\n<\/div>\n<p class=\"has-text-align-center\">\u2708\ufe0f Zapisy na warsztaty lotnicze.<\/p>\n\n<div class=\"wp-block-buttons is-content-justification-center is-layout-flex wp-container-core-buttons-is-layout-16018d1d wp-block-buttons-is-layout-flex\">\n<div class=\"wp-block-button is-style-fill\"><a class=\"wp-block-button__link wp-element-button\" href=\"https:\/\/docs.google.com\/forms\/d\/e\/1FAIpQLSdhDg5Xe_PVO_FNesz3DUsCPepZLq75BIVGAfBJuZJbWw9pPw\/viewform?usp=header\">Formularz zapis\u00f3w na warsztaty<\/a><\/div>\n<\/div>\n\n<p><br \/><br \/>Warsztaty lotnicze organizowane przez\u00a0<strong>Polsk\u0105 Fundacj\u0119 Rozwoju Lotnictwa<\/strong>\u00a0to wyj\u0105tkowa okazja, aby dzieci i m\u0142odzie\u017c pozna\u0142y fascynuj\u0105cy \u015bwiat lotnictwa w praktyce.<br \/>Podczas oko\u0142o\u00a0<strong>3-godzinnych zaj\u0119\u0107 w Mielcu<\/strong>\u00a0uczestnicy poznaj\u0105 podstawowe zasady lotu, zbuduj\u0105 w\u0142asny\u00a0<strong>model szybowca<\/strong>, a tak\u017ce wykonaj\u0105\u00a0<strong>lot na nowoczesnym symulatorze lotu w technologii VR<\/strong>.<br \/>Ka\u017cdy uczestnik otrzyma\u00a0<strong>certyfikat udzia\u0142u<\/strong>, a tak\u017ce zostanie\u00a0<strong>oficjalnie przyj\u0119ty do Akademii M\u0142odego Lotnika<\/strong>, otrzymuj\u0105c sw\u00f3j lotniczy identyfikator.<br \/>\ud83d\udce9\u00a0<strong>Wype\u0142nij formularz<\/strong>, aby zg\u0142osi\u0107 ch\u0119\u0107 udzia\u0142u i otrzyma\u0107 informacj\u0119 o\u00a0<strong>najbli\u017cszych terminach warsztat\u00f3w oraz szczeg\u00f3\u0142ach organizacyjnych.<\/strong><br \/>Liczba miejsc na warsztatach jest\u00a0<strong>ograniczona<\/strong>, dlatego zach\u0119camy do wcze\u015bniejszego zg\u0142oszenia.<\/p>\n\t\t\t\t\t\t\t\t<\/div>\n\t\t\t\t\t<\/div>\n\t\t\t\t<\/div>\n\t\t\t\t<\/div>\n\t\t","protected":false},"excerpt":{"rendered":"<p>\u2708\ufe0f Zapisy na warsztaty lotnicze. Warsztaty lotnicze organizowane przez\u00a0Polsk\u0105 Fundacj\u0119 Rozwoju Lotnictwa\u00a0to wyj\u0105tkowa okazja, aby dzieci i m\u0142odzie\u017c pozna\u0142y fascynuj\u0105cy \u015bwiat lotnictwa w praktyce.Podczas oko\u0142o\u00a03-godzinnych zaj\u0119\u0107 w Mielcu\u00a0uczestnicy poznaj\u0105 podstawowe zasady lotu, zbuduj\u0105 w\u0142asny\u00a0model szybowca, a tak\u017ce wykonaj\u0105\u00a0lot na nowoczesnym symulatorze lotu w technologii VR.Ka\u017cdy&hellip;<\/p>\n","protected":false},"author":1,"featured_media":0,"parent":0,"menu_order":0,"comment_status":"closed","ping_status":"closed","template":"","meta":{"footnotes":""},"class_list":["post-1275","page","type-page","status-publish","hentry"],"_links":{"self":[{"href":"https:\/\/pfrl.pl\/index.php?rest_route=\/wp\/v2\/pages\/1275","targetHints":{"allow":["GET"]}}],"collection":[{"href":"https:\/\/pfrl.pl\/index.php?rest_route=\/wp\/v2\/pages"}],"about":[{"href":"https:\/\/pfrl.pl\/index.php?rest_route=\/wp\/v2\/types\/page"}],"author":[{"embeddable":true,"href":"https:\/\/pfrl.pl\/index.php?rest_route=\/wp\/v2\/users\/1"}],"replies":[{"embeddable":true,"href":"https:\/\/pfrl.pl\/index.php?rest_route=%2Fwp%2Fv2%2Fcomments&post=1275"}],"version-history":[{"count":8,"href":"https:\/\/pfrl.pl\/index.php?rest_route=\/wp\/v2\/pages\/1275\/revisions"}],"predecessor-version":[{"id":1380,"href":"https:\/\/pfrl.pl\/index.php?rest_route=\/wp\/v2\/pages\/1275\/revisions\/1380"}],"wp:attachment":[{"href":"https:\/\/pfrl.pl\/index.php?rest_route=%2Fwp%2Fv2%2Fmedia&parent=1275"}],"curies":[{"name":"wp","href":"https:\/\/api.w.org\/{rel}","templated":true}]}}