{"id":959,"date":"2025-08-31T21:53:00","date_gmt":"2025-08-31T19:53:00","guid":{"rendered":"https:\/\/pfrl.pl\/?page_id=959"},"modified":"2026-03-24T12:24:20","modified_gmt":"2026-03-24T11:24:20","slug":"cele-fundacji","status":"publish","type":"page","link":"https:\/\/pfrl.pl\/?page_id=959","title":{"rendered":"Cele Polskiej Fundacji Rozwoju Lotnictwa"},"content":{"rendered":"\t\t<div data-elementor-type=\"wp-page\" data-elementor-id=\"959\" class=\"elementor elementor-959\">\n\t\t\t\t<div class=\"elementor-element elementor-element-540f63a e-grid e-con-full e-con e-parent\" data-id=\"540f63a\" data-element_type=\"container\">\n\t\t\t\t<div class=\"elementor-element elementor-element-912abd3 elementor-widget elementor-widget-image\" data-id=\"912abd3\" data-element_type=\"widget\" data-widget_type=\"image.default\">\n\t\t\t\t\t\t\t\t\t\t\t\t<figure class=\"wp-caption\">\n\t\t\t\t\t\t\t\t\t\t<img decoding=\"async\" width=\"150\" height=\"150\" src=\"https:\/\/pfrl.pl\/wp-content\/uploads\/2026\/03\/01_lotnictwo_cywilne_i_wojskoweA-150x150.png\" class=\"attachment-thumbnail size-thumbnail wp-image-1356\" alt=\"\" srcset=\"https:\/\/pfrl.pl\/wp-content\/uploads\/2026\/03\/01_lotnictwo_cywilne_i_wojskoweA-150x150.png 150w, https:\/\/pfrl.pl\/wp-content\/uploads\/2026\/03\/01_lotnictwo_cywilne_i_wojskoweA-100x100.png 100w\" sizes=\"(max-width: 150px) 100vw, 150px\" \/>\t\t\t\t\t\t\t\t\t\t\t<figcaption class=\"widget-image-caption wp-caption-text\">Wspieranie i promowanie rozwoju lotnictwa cywilnego i wojskowego jako elementu rozwoju techniki, innowacyjno\u015bci oraz obronno\u015bci pa\u0144stwa<\/figcaption>\n\t\t\t\t\t\t\t\t\t\t<\/figure>\n\t\t\t\t\t\t\t\t\t<\/div>\n\t\t\t\t<div class=\"elementor-element elementor-element-c6c635e elementor-widget elementor-widget-image\" data-id=\"c6c635e\" data-element_type=\"widget\" data-widget_type=\"image.default\">\n\t\t\t\t\t\t\t\t\t\t\t\t<figure class=\"wp-caption\">\n\t\t\t\t\t\t\t\t\t\t<img decoding=\"async\" width=\"150\" height=\"150\" src=\"https:\/\/pfrl.pl\/wp-content\/uploads\/2026\/03\/02_badania_i_rozwojA-150x150.png\" class=\"attachment-thumbnail size-thumbnail wp-image-1357\" alt=\"\" srcset=\"https:\/\/pfrl.pl\/wp-content\/uploads\/2026\/03\/02_badania_i_rozwojA-150x150.png 150w, https:\/\/pfrl.pl\/wp-content\/uploads\/2026\/03\/02_badania_i_rozwojA-100x100.png 100w\" sizes=\"(max-width: 150px) 100vw, 150px\" \/>\t\t\t\t\t\t\t\t\t\t\t<figcaption class=\"widget-image-caption wp-caption-text\">Inicjowanie i prowadzenie bada\u0144 naukowych oraz prac rozwojowych w dziedzinie lotnictwa, w tym wdra\u017canie nowoczesnych rozwi\u0105za\u0144 technologicznych<\/figcaption>\n\t\t\t\t\t\t\t\t\t\t<\/figure>\n\t\t\t\t\t\t\t\t\t<\/div>\n\t\t\t\t<div class=\"elementor-element elementor-element-c0aed84 elementor-widget elementor-widget-image\" data-id=\"c0aed84\" data-element_type=\"widget\" data-widget_type=\"image.default\">\n\t\t\t\t\t\t\t\t\t\t\t\t<figure class=\"wp-caption\">\n\t\t\t\t\t\t\t\t\t\t<img decoding=\"async\" width=\"150\" height=\"150\" src=\"https:\/\/pfrl.pl\/wp-content\/uploads\/2026\/03\/03_edukacja_i_szkoleniaA-150x150.png\" class=\"attachment-thumbnail size-thumbnail wp-image-1358\" alt=\"\" srcset=\"https:\/\/pfrl.pl\/wp-content\/uploads\/2026\/03\/03_edukacja_i_szkoleniaA-150x150.png 150w, https:\/\/pfrl.pl\/wp-content\/uploads\/2026\/03\/03_edukacja_i_szkoleniaA-100x100.png 100w\" sizes=\"(max-width: 150px) 100vw, 150px\" \/>\t\t\t\t\t\t\t\t\t\t\t<figcaption class=\"widget-image-caption wp-caption-text\">Wspieranie edukacji i szkolenia kadr w dziedzinie lotnictwa, w tym rozw\u00f3j kompetencji nauczycieli, instruktor\u00f3w i specjalist\u00f3w<\/figcaption>\n\t\t\t\t\t\t\t\t\t\t<\/figure>\n\t\t\t\t\t\t\t\t\t<\/div>\n\t\t\t\t<div class=\"elementor-element elementor-element-710745f elementor-widget elementor-widget-image\" data-id=\"710745f\" data-element_type=\"widget\" data-widget_type=\"image.default\">\n\t\t\t\t\t\t\t\t\t\t\t\t<figure class=\"wp-caption\">\n\t\t\t\t\t\t\t\t\t\t<img loading=\"lazy\" decoding=\"async\" width=\"150\" height=\"150\" src=\"https:\/\/pfrl.pl\/wp-content\/uploads\/2026\/03\/04_bezpieczenstwo_i_obronnoscA-150x150.png\" class=\"attachment-thumbnail size-thumbnail wp-image-1359\" alt=\"\" srcset=\"https:\/\/pfrl.pl\/wp-content\/uploads\/2026\/03\/04_bezpieczenstwo_i_obronnoscA-150x150.png 150w, https:\/\/pfrl.pl\/wp-content\/uploads\/2026\/03\/04_bezpieczenstwo_i_obronnoscA-100x100.png 100w\" sizes=\"(max-width: 150px) 100vw, 150px\" \/>\t\t\t\t\t\t\t\t\t\t\t<figcaption class=\"widget-image-caption wp-caption-text\">Popularyzacja wiedzy o lotnictwie oraz prowadzenie dzia\u0142a\u0144 edukacyjnych w zakresie bezpiecze\u0144stwa lotniczego i kultury technicznej<\/figcaption>\n\t\t\t\t\t\t\t\t\t\t<\/figure>\n\t\t\t\t\t\t\t\t\t<\/div>\n\t\t\t\t<div class=\"elementor-element elementor-element-b62fb1f elementor-widget elementor-widget-image\" data-id=\"b62fb1f\" data-element_type=\"widget\" data-widget_type=\"image.default\">\n\t\t\t\t\t\t\t\t\t\t\t\t<figure class=\"wp-caption\">\n\t\t\t\t\t\t\t\t\t\t<img loading=\"lazy\" decoding=\"async\" width=\"150\" height=\"150\" src=\"https:\/\/pfrl.pl\/wp-content\/uploads\/2026\/03\/06_infrastruktura_lotniskowaA-150x150.png\" class=\"attachment-thumbnail size-thumbnail wp-image-1361\" alt=\"\" srcset=\"https:\/\/pfrl.pl\/wp-content\/uploads\/2026\/03\/06_infrastruktura_lotniskowaA-150x150.png 150w, https:\/\/pfrl.pl\/wp-content\/uploads\/2026\/03\/06_infrastruktura_lotniskowaA-100x100.png 100w\" sizes=\"(max-width: 150px) 100vw, 150px\" \/>\t\t\t\t\t\t\t\t\t\t\t<figcaption class=\"widget-image-caption wp-caption-text\">Wspieranie inicjatyw zwi\u0105zanych z rozwojem infrastruktury lotniczej jako elementu wspieraj\u0105cego rozw\u00f3j gospodarczy oraz rewitalizacj\u0119 teren\u00f3w zdegradowanych<\/figcaption>\n\t\t\t\t\t\t\t\t\t\t<\/figure>\n\t\t\t\t\t\t\t\t\t<\/div>\n\t\t\t\t<div class=\"elementor-element elementor-element-81acfcb elementor-widget elementor-widget-image\" data-id=\"81acfcb\" data-element_type=\"widget\" data-widget_type=\"image.default\">\n\t\t\t\t\t\t\t\t\t\t\t\t<figure class=\"wp-caption\">\n\t\t\t\t\t\t\t\t\t\t<img loading=\"lazy\" decoding=\"async\" width=\"150\" height=\"150\" src=\"https:\/\/pfrl.pl\/wp-content\/uploads\/2026\/03\/07_lotnictwo_sportowe_i_turystykaA-150x150.png\" class=\"attachment-thumbnail size-thumbnail wp-image-1362\" alt=\"\" srcset=\"https:\/\/pfrl.pl\/wp-content\/uploads\/2026\/03\/07_lotnictwo_sportowe_i_turystykaA-150x150.png 150w, https:\/\/pfrl.pl\/wp-content\/uploads\/2026\/03\/07_lotnictwo_sportowe_i_turystykaA-100x100.png 100w\" sizes=\"(max-width: 150px) 100vw, 150px\" \/>\t\t\t\t\t\t\t\t\t\t\t<figcaption class=\"widget-image-caption wp-caption-text\">Promocja i rozw\u00f3j lotnictwa sportowego oraz turystyki lotniczej, w tym organizacj\u0119 wydarze\u0144 promuj\u0105cych aktywno\u015b\u0107 fizyczn\u0105 i krajoznawcz\u0105<\/figcaption>\n\t\t\t\t\t\t\t\t\t\t<\/figure>\n\t\t\t\t\t\t\t\t\t<\/div>\n\t\t\t\t<div class=\"elementor-element elementor-element-891716f elementor-widget elementor-widget-image\" data-id=\"891716f\" data-element_type=\"widget\" data-widget_type=\"image.default\">\n\t\t\t\t\t\t\t\t\t\t\t\t<figure class=\"wp-caption\">\n\t\t\t\t\t\t\t\t\t\t<img loading=\"lazy\" decoding=\"async\" width=\"150\" height=\"150\" src=\"https:\/\/pfrl.pl\/wp-content\/uploads\/2026\/03\/08_popularyzacja_lotnictwaA-150x150.png\" class=\"attachment-thumbnail size-thumbnail wp-image-1363\" alt=\"\" srcset=\"https:\/\/pfrl.pl\/wp-content\/uploads\/2026\/03\/08_popularyzacja_lotnictwaA-150x150.png 150w, https:\/\/pfrl.pl\/wp-content\/uploads\/2026\/03\/08_popularyzacja_lotnictwaA-100x100.png 100w\" sizes=\"(max-width: 150px) 100vw, 150px\" \/>\t\t\t\t\t\t\t\t\t\t\t<figcaption class=\"widget-image-caption wp-caption-text\">Dzia\u0142ania na rzecz ochrony \u015brodowiska w kontek\u015bcie lotnictwa, w szczeg\u00f3lno\u015bci promocj\u0119 technologii zmniejszaj\u0105cych emisj\u0119 CO2, paliw alternatywnych oraz elektryfikacji transportu lotniczego<\/figcaption>\n\t\t\t\t\t\t\t\t\t\t<\/figure>\n\t\t\t\t\t\t\t\t\t<\/div>\n\t\t\t\t<div class=\"elementor-element elementor-element-4531437 elementor-widget elementor-widget-image\" data-id=\"4531437\" data-element_type=\"widget\" data-widget_type=\"image.default\">\n\t\t\t\t\t\t\t\t\t\t\t\t<figure class=\"wp-caption\">\n\t\t\t\t\t\t\t\t\t\t<img loading=\"lazy\" decoding=\"async\" width=\"150\" height=\"150\" src=\"https:\/\/pfrl.pl\/wp-content\/uploads\/2026\/03\/09_lotnictwo_i_srodowiskoA-150x150.png\" class=\"attachment-thumbnail size-thumbnail wp-image-1364\" alt=\"\" srcset=\"https:\/\/pfrl.pl\/wp-content\/uploads\/2026\/03\/09_lotnictwo_i_srodowiskoA-150x150.png 150w, https:\/\/pfrl.pl\/wp-content\/uploads\/2026\/03\/09_lotnictwo_i_srodowiskoA-100x100.png 100w\" sizes=\"(max-width: 150px) 100vw, 150px\" \/>\t\t\t\t\t\t\t\t\t\t\t<figcaption class=\"widget-image-caption wp-caption-text\">Edukacja ekologiczna dotycz\u0105c\u0105 wp\u0142ywu lotnictwa na \u015brodowisko i dzia\u0142a\u0144 ograniczaj\u0105cych jego negatywne skutki<\/figcaption>\n\t\t\t\t\t\t\t\t\t\t<\/figure>\n\t\t\t\t\t\t\t\t\t<\/div>\n\t\t\t\t<div class=\"elementor-element elementor-element-3b34dd7 elementor-widget elementor-widget-image\" data-id=\"3b34dd7\" data-element_type=\"widget\" data-widget_type=\"image.default\">\n\t\t\t\t\t\t\t\t\t\t\t\t<figure class=\"wp-caption\">\n\t\t\t\t\t\t\t\t\t\t<img loading=\"lazy\" decoding=\"async\" width=\"150\" height=\"150\" src=\"https:\/\/pfrl.pl\/wp-content\/uploads\/2026\/03\/10_przemysl_4_0A-150x150.png\" class=\"attachment-thumbnail size-thumbnail wp-image-1365\" alt=\"\" srcset=\"https:\/\/pfrl.pl\/wp-content\/uploads\/2026\/03\/10_przemysl_4_0A-150x150.png 150w, https:\/\/pfrl.pl\/wp-content\/uploads\/2026\/03\/10_przemysl_4_0A-100x100.png 100w\" sizes=\"(max-width: 150px) 100vw, 150px\" \/>\t\t\t\t\t\t\t\t\t\t\t<figcaption class=\"widget-image-caption wp-caption-text\">Wspieranie wdra\u017cania przemys\u0142u 4.0 w sektorze lotniczym oraz rozw\u00f3j innowacji technicznych i organizacyjnych<\/figcaption>\n\t\t\t\t\t\t\t\t\t\t<\/figure>\n\t\t\t\t\t\t\t\t\t<\/div>\n\t\t\t\t<div class=\"elementor-element elementor-element-d11f9d4 elementor-widget elementor-widget-image\" data-id=\"d11f9d4\" data-element_type=\"widget\" data-widget_type=\"image.default\">\n\t\t\t\t\t\t\t\t\t\t\t\t<figure class=\"wp-caption\">\n\t\t\t\t\t\t\t\t\t\t<img loading=\"lazy\" decoding=\"async\" width=\"150\" height=\"150\" src=\"https:\/\/pfrl.pl\/wp-content\/uploads\/2026\/03\/11_ochrona_dziedzictwa_lotniczegoA-150x150.png\" class=\"attachment-thumbnail size-thumbnail wp-image-1367\" alt=\"\" srcset=\"https:\/\/pfrl.pl\/wp-content\/uploads\/2026\/03\/11_ochrona_dziedzictwa_lotniczegoA-150x150.png 150w, https:\/\/pfrl.pl\/wp-content\/uploads\/2026\/03\/11_ochrona_dziedzictwa_lotniczegoA-100x100.png 100w\" sizes=\"(max-width: 150px) 100vw, 150px\" \/>\t\t\t\t\t\t\t\t\t\t\t<figcaption class=\"widget-image-caption wp-caption-text\">Ochrona, dokumentowanie i promowanie dziedzictwa lotniczego jako elementu kultury narodowej i technicznej<\/figcaption>\n\t\t\t\t\t\t\t\t\t\t<\/figure>\n\t\t\t\t\t\t\t\t\t<\/div>\n\t\t\t\t<div class=\"elementor-element elementor-element-6eab9e7 elementor-widget elementor-widget-image\" data-id=\"6eab9e7\" data-element_type=\"widget\" data-widget_type=\"image.default\">\n\t\t\t\t\t\t\t\t\t\t\t\t<figure class=\"wp-caption\">\n\t\t\t\t\t\t\t\t\t\t<img loading=\"lazy\" decoding=\"async\" width=\"150\" height=\"150\" src=\"https:\/\/pfrl.pl\/wp-content\/uploads\/2026\/03\/12_wspolpraca_miedzynarodowaA-150x150.png\" class=\"attachment-thumbnail size-thumbnail wp-image-1368\" alt=\"\" srcset=\"https:\/\/pfrl.pl\/wp-content\/uploads\/2026\/03\/12_wspolpraca_miedzynarodowaA-150x150.png 150w, https:\/\/pfrl.pl\/wp-content\/uploads\/2026\/03\/12_wspolpraca_miedzynarodowaA-100x100.png 100w\" sizes=\"(max-width: 150px) 100vw, 150px\" \/>\t\t\t\t\t\t\t\t\t\t\t<figcaption class=\"widget-image-caption wp-caption-text\">Rozwijanie wsp\u00f3\u0142pracy z krajowymi i zagranicznymi organizacjami, instytucjami naukowymi, edukacyjnymi, samorz\u0105dowymi i pozarz\u0105dowymi w zakresie obj\u0119tym celami Fundacji<\/figcaption>\n\t\t\t\t\t\t\t\t\t\t<\/figure>\n\t\t\t\t\t\t\t\t\t<\/div>\n\t\t\t\t<\/div>\n\t\t\t\t<\/div>\n\t\t","protected":false},"excerpt":{"rendered":"<p>Wspieranie i promowanie rozwoju lotnictwa cywilnego i wojskowego jako elementu rozwoju techniki, innowacyjno\u015bci oraz obronno\u015bci pa\u0144stwa Inicjowanie i prowadzenie bada\u0144 naukowych oraz prac rozwojowych w dziedzinie lotnictwa, w tym wdra\u017canie nowoczesnych rozwi\u0105za\u0144 technologicznych Wspieranie edukacji i szkolenia kadr w dziedzinie lotnictwa, w tym rozw\u00f3j kompetencji&hellip;<\/p>\n","protected":false},"author":1,"featured_media":0,"parent":0,"menu_order":0,"comment_status":"closed","ping_status":"closed","template":"","meta":{"footnotes":""},"class_list":["post-959","page","type-page","status-publish","hentry"],"_links":{"self":[{"href":"https:\/\/pfrl.pl\/index.php?rest_route=\/wp\/v2\/pages\/959","targetHints":{"allow":["GET"]}}],"collection":[{"href":"https:\/\/pfrl.pl\/index.php?rest_route=\/wp\/v2\/pages"}],"about":[{"href":"https:\/\/pfrl.pl\/index.php?rest_route=\/wp\/v2\/types\/page"}],"author":[{"embeddable":true,"href":"https:\/\/pfrl.pl\/index.php?rest_route=\/wp\/v2\/users\/1"}],"replies":[{"embeddable":true,"href":"https:\/\/pfrl.pl\/index.php?rest_route=%2Fwp%2Fv2%2Fcomments&post=959"}],"version-history":[{"count":10,"href":"https:\/\/pfrl.pl\/index.php?rest_route=\/wp\/v2\/pages\/959\/revisions"}],"predecessor-version":[{"id":1373,"href":"https:\/\/pfrl.pl\/index.php?rest_route=\/wp\/v2\/pages\/959\/revisions\/1373"}],"wp:attachment":[{"href":"https:\/\/pfrl.pl\/index.php?rest_route=%2Fwp%2Fv2%2Fmedia&parent=959"}],"curies":[{"name":"wp","href":"https:\/\/api.w.org\/{rel}","templated":true}]}}